{"id":2328,"date":"2026-04-12T16:53:19","date_gmt":"2026-04-12T14:53:19","guid":{"rendered":"https:\/\/www.bkrovinka.sk\/?post_type=product&#038;p=2328"},"modified":"2026-04-19T19:57:01","modified_gmt":"2026-04-19T17:57:01","slug":"panska-mikina-verzia-2","status":"publish","type":"product","link":"https:\/\/www.bkrovinka.sk\/en\/product\/panska-mikina-verzia-2\/","title":{"rendered":"P\u00e1nska mikina &#8211; verzia 2"},"content":{"rendered":"<div class=\"product-specs\">\n<div class=\"product-specs\"><strong data-start=\"0\" data-end=\"13\" data-is-only-node=\"\">Materi\u00e1l:<\/strong> 280 g\/m\u00b2, 80 % bavlna, 20 % polyester<br data-start=\"51\" data-end=\"54\" \/><strong data-start=\"54\" data-end=\"66\">Detaily:<\/strong> dvojvrstvov\u00e1 kapuc\u0148a so \u0161n\u00farkou, spev\u0148uj\u00faca p\u00e1ska za krkom, lemy s elastanom, klokanie vrecko, vn\u00fatorn\u00e1 strana \u010desan\u00e1, Tear Away \u0161t\u00edtok<br data-start=\"202\" data-end=\"205\" \/><strong data-start=\"205\" data-end=\"216\">\u00dadr\u017eba:<\/strong> pranie na 40 \u00b0C, nevhodn\u00e9 na su\u0161enie v su\u0161i\u010dke<\/div>\n<\/div>","protected":false},"excerpt":{"rendered":"<p>Logo s n\u00e1zvom na \u013eavej strane<\/p>","protected":false},"featured_media":1887,"comment_status":"open","ping_status":"closed","template":"","meta":[],"product_brand":[],"product_cat":[52,46],"product_tag":[68,43,49,87],"class_list":{"0":"post-2328","1":"product","2":"type-product","3":"status-publish","4":"has-post-thumbnail","6":"product_cat-muzi","7":"product_cat-mikiny","8":"product_tag-dospeli","9":"product_tag-merch","10":"product_tag-muzi","11":"product_tag-verzia-2","13":"first","14":"instock","15":"taxable","16":"shipping-taxable","17":"purchasable","18":"product-type-variable","19":"has-default-attributes"},"_links":{"self":[{"href":"https:\/\/www.bkrovinka.sk\/en\/wp-json\/wp\/v2\/product\/2328","targetHints":{"allow":["GET"]}}],"collection":[{"href":"https:\/\/www.bkrovinka.sk\/en\/wp-json\/wp\/v2\/product"}],"about":[{"href":"https:\/\/www.bkrovinka.sk\/en\/wp-json\/wp\/v2\/types\/product"}],"replies":[{"embeddable":true,"href":"https:\/\/www.bkrovinka.sk\/en\/wp-json\/wp\/v2\/comments?post=2328"}],"wp:featuredmedia":[{"embeddable":true,"href":"https:\/\/www.bkrovinka.sk\/en\/wp-json\/wp\/v2\/media\/1887"}],"wp:attachment":[{"href":"https:\/\/www.bkrovinka.sk\/en\/wp-json\/wp\/v2\/media?parent=2328"}],"wp:term":[{"taxonomy":"product_brand","embeddable":true,"href":"https:\/\/www.bkrovinka.sk\/en\/wp-json\/wp\/v2\/product_brand?post=2328"},{"taxonomy":"product_cat","embeddable":true,"href":"https:\/\/www.bkrovinka.sk\/en\/wp-json\/wp\/v2\/product_cat?post=2328"},{"taxonomy":"product_tag","embeddable":true,"href":"https:\/\/www.bkrovinka.sk\/en\/wp-json\/wp\/v2\/product_tag?post=2328"}],"curies":[{"name":"wp","href":"https:\/\/api.w.org\/{rel}","templated":true}]}}