{"id":2173,"date":"2026-04-12T16:39:54","date_gmt":"2026-04-12T14:39:54","guid":{"rendered":"https:\/\/www.bkrovinka.sk\/?post_type=product&#038;p=2173"},"modified":"2026-04-23T15:55:17","modified_gmt":"2026-04-23T13:55:17","slug":"panske-tricko-verzia-2","status":"publish","type":"product","link":"https:\/\/www.bkrovinka.sk\/en\/product\/panske-tricko-verzia-2\/","title":{"rendered":"P\u00e1nske tri\u010dko &#8211; verzia 2"},"content":{"rendered":"<div class=\"product-specs\"><strong data-start=\"0\" data-end=\"13\" data-is-only-node=\"\">Materi\u00e1l:<\/strong> 180 g\/m\u00b2, 100 % \u010desan\u00e1 prstencov\u00e1 bavlna (single jersey)<br data-start=\"70\" data-end=\"73\" \/><strong data-start=\"73\" data-end=\"83\">Strih:<\/strong> vo\u013en\u00fd<br data-start=\"89\" data-end=\"92\" \/><strong data-start=\"92\" data-end=\"104\">Detaily:<\/strong> tubul\u00e1rna kon\u0161trukcia, spev\u0148uj\u00faca p\u00e1ska za krkom, \u00fazke rebrovan\u00e9 lemy s elastanom, zosilnen\u00e9 ramenn\u00e9 a dvojit\u00e9 \u0161vy<br data-start=\"219\" data-end=\"222\" \/><strong data-start=\"222\" data-end=\"233\">\u00dadr\u017eba:<\/strong> pranie na 60 \u00b0C, vhodn\u00e9 na su\u0161enie v su\u0161i\u010dke pri n\u00edzkej teplote<\/div>","protected":false},"excerpt":{"rendered":"<p>Logo\u00a0s n\u00e1zvom na \u013eavej strane<\/p>","protected":false},"featured_media":2460,"comment_status":"open","ping_status":"closed","template":"","meta":[],"product_brand":[],"product_cat":[52,41],"product_tag":[68,43,49,87],"class_list":{"0":"post-2173","1":"product","2":"type-product","3":"status-publish","4":"has-post-thumbnail","6":"product_cat-muzi","7":"product_cat-tricka","8":"product_tag-dospeli","9":"product_tag-merch","10":"product_tag-muzi","11":"product_tag-verzia-2","13":"first","14":"instock","15":"taxable","16":"shipping-taxable","17":"purchasable","18":"product-type-variable","19":"has-default-attributes"},"_links":{"self":[{"href":"https:\/\/www.bkrovinka.sk\/en\/wp-json\/wp\/v2\/product\/2173","targetHints":{"allow":["GET"]}}],"collection":[{"href":"https:\/\/www.bkrovinka.sk\/en\/wp-json\/wp\/v2\/product"}],"about":[{"href":"https:\/\/www.bkrovinka.sk\/en\/wp-json\/wp\/v2\/types\/product"}],"replies":[{"embeddable":true,"href":"https:\/\/www.bkrovinka.sk\/en\/wp-json\/wp\/v2\/comments?post=2173"}],"wp:featuredmedia":[{"embeddable":true,"href":"https:\/\/www.bkrovinka.sk\/en\/wp-json\/wp\/v2\/media\/2460"}],"wp:attachment":[{"href":"https:\/\/www.bkrovinka.sk\/en\/wp-json\/wp\/v2\/media?parent=2173"}],"wp:term":[{"taxonomy":"product_brand","embeddable":true,"href":"https:\/\/www.bkrovinka.sk\/en\/wp-json\/wp\/v2\/product_brand?post=2173"},{"taxonomy":"product_cat","embeddable":true,"href":"https:\/\/www.bkrovinka.sk\/en\/wp-json\/wp\/v2\/product_cat?post=2173"},{"taxonomy":"product_tag","embeddable":true,"href":"https:\/\/www.bkrovinka.sk\/en\/wp-json\/wp\/v2\/product_tag?post=2173"}],"curies":[{"name":"wp","href":"https:\/\/api.w.org\/{rel}","templated":true}]}}