{"id":1991,"date":"2026-04-12T15:25:50","date_gmt":"2026-04-12T13:25:50","guid":{"rendered":"https:\/\/www.bkrovinka.sk\/?post_type=product&#038;p=1991"},"modified":"2026-04-12T15:25:50","modified_gmt":"2026-04-12T13:25:50","slug":"koordinacny-kombo-mix","status":"publish","type":"product","link":"https:\/\/www.bkrovinka.sk\/en\/product\/koordinacny-kombo-mix\/","title":{"rendered":"Koordina\u010dn\u00fd kombo mix"},"content":{"rendered":"","protected":false},"excerpt":{"rendered":"<p>3x tenis\u00e1k, 1x tenis\u00e1k na \u0161n\u00farke, pot\u00edtko, \u0161n\u00farka na krk, manu\u00e1l na cviky<\/p>","protected":false},"featured_media":0,"comment_status":"open","ping_status":"closed","template":"","meta":[],"product_brand":[],"product_cat":[48],"product_tag":[42],"class_list":{"0":"post-1991","1":"product","2":"type-product","3":"status-publish","5":"product_cat-doplnky","6":"product_tag-deti","8":"first","9":"instock","10":"taxable","11":"shipping-taxable","12":"purchasable","13":"product-type-simple"},"_links":{"self":[{"href":"https:\/\/www.bkrovinka.sk\/en\/wp-json\/wp\/v2\/product\/1991","targetHints":{"allow":["GET"]}}],"collection":[{"href":"https:\/\/www.bkrovinka.sk\/en\/wp-json\/wp\/v2\/product"}],"about":[{"href":"https:\/\/www.bkrovinka.sk\/en\/wp-json\/wp\/v2\/types\/product"}],"replies":[{"embeddable":true,"href":"https:\/\/www.bkrovinka.sk\/en\/wp-json\/wp\/v2\/comments?post=1991"}],"wp:attachment":[{"href":"https:\/\/www.bkrovinka.sk\/en\/wp-json\/wp\/v2\/media?parent=1991"}],"wp:term":[{"taxonomy":"product_brand","embeddable":true,"href":"https:\/\/www.bkrovinka.sk\/en\/wp-json\/wp\/v2\/product_brand?post=1991"},{"taxonomy":"product_cat","embeddable":true,"href":"https:\/\/www.bkrovinka.sk\/en\/wp-json\/wp\/v2\/product_cat?post=1991"},{"taxonomy":"product_tag","embeddable":true,"href":"https:\/\/www.bkrovinka.sk\/en\/wp-json\/wp\/v2\/product_tag?post=1991"}],"curies":[{"name":"wp","href":"https:\/\/api.w.org\/{rel}","templated":true}]}}