{"id":1890,"date":"2026-04-12T08:38:55","date_gmt":"2026-04-12T06:38:55","guid":{"rendered":"https:\/\/www.bkrovinka.sk\/?post_type=product&#038;p=1890"},"modified":"2026-04-23T17:08:56","modified_gmt":"2026-04-23T15:08:56","slug":"ciapka-verzia-2","status":"publish","type":"product","link":"https:\/\/www.bkrovinka.sk\/en\/product\/ciapka-verzia-2\/","title":{"rendered":"\u010ciapka &#8211; verzia 2"},"content":{"rendered":"<div class=\"product-specs\">\n<div class=\"product-specs\"><strong data-start=\"0\" data-end=\"13\" data-is-only-node=\"\">Materi\u00e1l:<\/strong> 100 % polyakryl<br data-start=\"29\" data-end=\"32\" \/><strong data-start=\"32\" data-end=\"44\">Detaily:<\/strong> lem, dvojito pleten\u00fd materi\u00e1l, pr\u00edjemn\u00fd na dotyk, bavlnen\u00e1 twillov\u00e1 n\u00e1\u0161ivka vhodn\u00e1 na v\u00fd\u0161ivku, Tear Away \u0161t\u00edtok, priemer n\u00e1\u0161ivky: 6 cm<br data-start=\"179\" data-end=\"182\" \/><strong data-start=\"182\" data-end=\"193\">\u00dadr\u017eba:<\/strong> pranie na 40 \u00b0C<\/div>\n<\/div>","protected":false},"excerpt":{"rendered":"<p>Logo BK Rovinka na \u010dele. Jedna ve\u013ekos\u0165 (sk\u00f4r na detsk\u00fa hlavu).<\/p>","protected":false},"featured_media":2472,"comment_status":"open","ping_status":"closed","template":"","meta":[],"product_brand":[],"product_cat":[54,47],"product_tag":[42,43],"class_list":{"0":"post-1890","1":"product","2":"type-product","3":"status-publish","4":"has-post-thumbnail","6":"product_cat-deti","7":"product_cat-ciapky","8":"product_tag-deti","9":"product_tag-merch","11":"first","12":"instock","13":"taxable","14":"shipping-taxable","15":"purchasable","16":"product-type-simple"},"_links":{"self":[{"href":"https:\/\/www.bkrovinka.sk\/en\/wp-json\/wp\/v2\/product\/1890","targetHints":{"allow":["GET"]}}],"collection":[{"href":"https:\/\/www.bkrovinka.sk\/en\/wp-json\/wp\/v2\/product"}],"about":[{"href":"https:\/\/www.bkrovinka.sk\/en\/wp-json\/wp\/v2\/types\/product"}],"replies":[{"embeddable":true,"href":"https:\/\/www.bkrovinka.sk\/en\/wp-json\/wp\/v2\/comments?post=1890"}],"wp:featuredmedia":[{"embeddable":true,"href":"https:\/\/www.bkrovinka.sk\/en\/wp-json\/wp\/v2\/media\/2472"}],"wp:attachment":[{"href":"https:\/\/www.bkrovinka.sk\/en\/wp-json\/wp\/v2\/media?parent=1890"}],"wp:term":[{"taxonomy":"product_brand","embeddable":true,"href":"https:\/\/www.bkrovinka.sk\/en\/wp-json\/wp\/v2\/product_brand?post=1890"},{"taxonomy":"product_cat","embeddable":true,"href":"https:\/\/www.bkrovinka.sk\/en\/wp-json\/wp\/v2\/product_cat?post=1890"},{"taxonomy":"product_tag","embeddable":true,"href":"https:\/\/www.bkrovinka.sk\/en\/wp-json\/wp\/v2\/product_tag?post=1890"}],"curies":[{"name":"wp","href":"https:\/\/api.w.org\/{rel}","templated":true}]}}