{"id":1888,"date":"2026-04-12T08:38:44","date_gmt":"2026-04-12T06:38:44","guid":{"rendered":"https:\/\/www.bkrovinka.sk\/?post_type=product&#038;p=1888"},"modified":"2026-04-23T17:08:43","modified_gmt":"2026-04-23T15:08:43","slug":"ciapka-verzia-1","status":"publish","type":"product","link":"https:\/\/www.bkrovinka.sk\/en\/product\/ciapka-verzia-1\/","title":{"rendered":"\u010ciapka &#8211; verzia 1"},"content":{"rendered":"<div class=\"product-specs\"><strong data-start=\"0\" data-end=\"13\" data-is-only-node=\"\">Materi\u00e1l:<\/strong> 52 % recyklovan\u00fd polyester (rPET), 47 % polyakryl, 1 % elastan<br data-start=\"76\" data-end=\"79\" \/><strong data-start=\"79\" data-end=\"91\">Detaily:<\/strong> 1\u00d71 rebrovan\u00fd \u00faplet s lemom, bavlnen\u00e1 twillov\u00e1 n\u00e1\u0161ivka vhodn\u00e1 na v\u00fd\u0161ivku, jednoduch\u00e9 pletenie, Tear Away \u0161t\u00edtok, priemer n\u00e1\u0161ivky: 5,5 cm<br data-start=\"228\" data-end=\"231\" \/><strong data-start=\"231\" data-end=\"242\">\u00dadr\u017eba:<\/strong> ru\u010dn\u00e9 pranie, nevhodn\u00e9 na su\u0161enie v su\u0161i\u010dke, ne\u010disti\u0165 chemicky<\/div>","protected":false},"excerpt":{"rendered":"<p>Logo BK Rovinka na \u010dele. Jedna ve\u013ekos\u0165 (sk\u00f4r na detsk\u00fa hlavu).<\/p>","protected":false},"featured_media":2471,"comment_status":"open","ping_status":"closed","template":"","meta":[],"product_brand":[],"product_cat":[54,47],"product_tag":[42,43],"class_list":{"0":"post-1888","1":"product","2":"type-product","3":"status-publish","4":"has-post-thumbnail","6":"product_cat-deti","7":"product_cat-ciapky","8":"product_tag-deti","9":"product_tag-merch","11":"first","12":"instock","13":"taxable","14":"shipping-taxable","15":"purchasable","16":"product-type-simple"},"_links":{"self":[{"href":"https:\/\/www.bkrovinka.sk\/en\/wp-json\/wp\/v2\/product\/1888","targetHints":{"allow":["GET"]}}],"collection":[{"href":"https:\/\/www.bkrovinka.sk\/en\/wp-json\/wp\/v2\/product"}],"about":[{"href":"https:\/\/www.bkrovinka.sk\/en\/wp-json\/wp\/v2\/types\/product"}],"replies":[{"embeddable":true,"href":"https:\/\/www.bkrovinka.sk\/en\/wp-json\/wp\/v2\/comments?post=1888"}],"wp:featuredmedia":[{"embeddable":true,"href":"https:\/\/www.bkrovinka.sk\/en\/wp-json\/wp\/v2\/media\/2471"}],"wp:attachment":[{"href":"https:\/\/www.bkrovinka.sk\/en\/wp-json\/wp\/v2\/media?parent=1888"}],"wp:term":[{"taxonomy":"product_brand","embeddable":true,"href":"https:\/\/www.bkrovinka.sk\/en\/wp-json\/wp\/v2\/product_brand?post=1888"},{"taxonomy":"product_cat","embeddable":true,"href":"https:\/\/www.bkrovinka.sk\/en\/wp-json\/wp\/v2\/product_cat?post=1888"},{"taxonomy":"product_tag","embeddable":true,"href":"https:\/\/www.bkrovinka.sk\/en\/wp-json\/wp\/v2\/product_tag?post=1888"}],"curies":[{"name":"wp","href":"https:\/\/api.w.org\/{rel}","templated":true}]}}