{"id":1809,"date":"2026-04-12T08:19:27","date_gmt":"2026-04-12T06:19:27","guid":{"rendered":"https:\/\/www.bkrovinka.sk\/?post_type=product&#038;p=1809"},"modified":"2026-04-21T15:11:34","modified_gmt":"2026-04-21T13:11:34","slug":"detska-mikina-verzia-1","status":"publish","type":"product","link":"https:\/\/www.bkrovinka.sk\/en\/product\/detska-mikina-verzia-1\/","title":{"rendered":"Detsk\u00e1 mikina &#8211; verzia 1"},"content":{"rendered":"<div class=\"product-specs\">\n<div class=\"product-specs\"><strong data-start=\"0\" data-end=\"13\" data-is-only-node=\"\">Materi\u00e1l:<\/strong> 280 g\/m\u00b2, 80 % bavlna, 20 % polyester<br data-start=\"51\" data-end=\"54\" \/><strong data-start=\"54\" data-end=\"64\">Strih:<\/strong> \u2014<br data-start=\"66\" data-end=\"69\" \/><strong data-start=\"69\" data-end=\"81\">Detaily:<\/strong> dvojvrstvov\u00e1 kapuc\u0148a, spev\u0148uj\u00faca p\u00e1ska za krkom, lemy s elastanom, klokanie vrecko, vn\u00fatorn\u00e1 strana \u010desan\u00e1, Tear Away \u0161t\u00edtok<br data-start=\"206\" data-end=\"209\" \/><strong data-start=\"209\" data-end=\"220\">\u00dadr\u017eba:<\/strong> pranie na 40 \u00b0C, nevhodn\u00e9 na su\u0161enie v su\u0161i\u010dke<\/div>\n<\/div>","protected":false},"excerpt":{"rendered":"<p>Logo s n\u00e1zvom v strede na hrudi<\/p>","protected":false},"featured_media":2432,"comment_status":"open","ping_status":"closed","template":"","meta":[],"product_brand":[],"product_cat":[54,46],"product_tag":[42,43,86],"class_list":{"0":"post-1809","1":"product","2":"type-product","3":"status-publish","4":"has-post-thumbnail","6":"product_cat-deti","7":"product_cat-mikiny","8":"product_tag-deti","9":"product_tag-merch","10":"product_tag-verzia-1","12":"first","13":"instock","14":"taxable","15":"shipping-taxable","16":"purchasable","17":"product-type-variable","18":"has-default-attributes"},"_links":{"self":[{"href":"https:\/\/www.bkrovinka.sk\/en\/wp-json\/wp\/v2\/product\/1809","targetHints":{"allow":["GET"]}}],"collection":[{"href":"https:\/\/www.bkrovinka.sk\/en\/wp-json\/wp\/v2\/product"}],"about":[{"href":"https:\/\/www.bkrovinka.sk\/en\/wp-json\/wp\/v2\/types\/product"}],"replies":[{"embeddable":true,"href":"https:\/\/www.bkrovinka.sk\/en\/wp-json\/wp\/v2\/comments?post=1809"}],"wp:featuredmedia":[{"embeddable":true,"href":"https:\/\/www.bkrovinka.sk\/en\/wp-json\/wp\/v2\/media\/2432"}],"wp:attachment":[{"href":"https:\/\/www.bkrovinka.sk\/en\/wp-json\/wp\/v2\/media?parent=1809"}],"wp:term":[{"taxonomy":"product_brand","embeddable":true,"href":"https:\/\/www.bkrovinka.sk\/en\/wp-json\/wp\/v2\/product_brand?post=1809"},{"taxonomy":"product_cat","embeddable":true,"href":"https:\/\/www.bkrovinka.sk\/en\/wp-json\/wp\/v2\/product_cat?post=1809"},{"taxonomy":"product_tag","embeddable":true,"href":"https:\/\/www.bkrovinka.sk\/en\/wp-json\/wp\/v2\/product_tag?post=1809"}],"curies":[{"name":"wp","href":"https:\/\/api.w.org\/{rel}","templated":true}]}}