{"id":1692,"date":"2026-04-11T09:38:51","date_gmt":"2026-04-11T07:38:51","guid":{"rendered":"https:\/\/www.bkrovinka.sk\/?post_type=product&#038;p=1692"},"modified":"2026-04-19T19:48:43","modified_gmt":"2026-04-19T17:48:43","slug":"damske-tricko-v-strih-verzia-1","status":"publish","type":"product","link":"https:\/\/www.bkrovinka.sk\/en\/product\/damske-tricko-v-strih-verzia-1\/","title":{"rendered":"D\u00e1mske tri\u010dko V strih &#8211; verzia 1"},"content":{"rendered":"<div class=\"product-specs\">\n<div class=\"product-specs\">\n<div class=\"product-specs\"><strong data-start=\"0\" data-end=\"13\" data-is-only-node=\"\">Materi\u00e1l:<\/strong> 180 g\/m\u00b2, 95 % \u010desan\u00e1 prstencov\u00e1 bavlna, 5 % elastan (single jersey), farba \u0161portov\u00e1 siv\u00e1: 85 % bavlna, 15 % visk\u00f3za<br data-start=\"130\" data-end=\"133\" \/><strong data-start=\"133\" data-end=\"143\">Strih:<\/strong> priliehav\u00fd<br data-start=\"154\" data-end=\"157\" \/><strong data-start=\"157\" data-end=\"169\">Detaily:<\/strong> V-v\u00fdstrih s rebrovan\u00fdm \u00fapletom s elastanom, spev\u0148uj\u00faca p\u00e1ska za krkom<br data-start=\"239\" data-end=\"242\" \/><strong data-start=\"242\" data-end=\"253\">\u00dadr\u017eba:<\/strong> pranie na 40 \u00b0C, nevhodn\u00e9 na su\u0161enie v su\u0161i\u010dke<\/div>\n<\/div>\n<\/div>","protected":false},"excerpt":{"rendered":"<p>Logo s n\u00e1zvom v strede na hrudi<\/p>","protected":false},"featured_media":1707,"comment_status":"open","ping_status":"closed","template":"","meta":[],"product_brand":[],"product_cat":[41,53],"product_tag":[68,43,86,50],"class_list":{"0":"post-1692","1":"product","2":"type-product","3":"status-publish","4":"has-post-thumbnail","6":"product_cat-tricka","7":"product_cat-zeny","8":"product_tag-dospeli","9":"product_tag-merch","10":"product_tag-verzia-1","11":"product_tag-zeny","13":"first","14":"instock","15":"taxable","16":"shipping-taxable","17":"purchasable","18":"product-type-variable","19":"has-default-attributes"},"_links":{"self":[{"href":"https:\/\/www.bkrovinka.sk\/en\/wp-json\/wp\/v2\/product\/1692","targetHints":{"allow":["GET"]}}],"collection":[{"href":"https:\/\/www.bkrovinka.sk\/en\/wp-json\/wp\/v2\/product"}],"about":[{"href":"https:\/\/www.bkrovinka.sk\/en\/wp-json\/wp\/v2\/types\/product"}],"replies":[{"embeddable":true,"href":"https:\/\/www.bkrovinka.sk\/en\/wp-json\/wp\/v2\/comments?post=1692"}],"wp:featuredmedia":[{"embeddable":true,"href":"https:\/\/www.bkrovinka.sk\/en\/wp-json\/wp\/v2\/media\/1707"}],"wp:attachment":[{"href":"https:\/\/www.bkrovinka.sk\/en\/wp-json\/wp\/v2\/media?parent=1692"}],"wp:term":[{"taxonomy":"product_brand","embeddable":true,"href":"https:\/\/www.bkrovinka.sk\/en\/wp-json\/wp\/v2\/product_brand?post=1692"},{"taxonomy":"product_cat","embeddable":true,"href":"https:\/\/www.bkrovinka.sk\/en\/wp-json\/wp\/v2\/product_cat?post=1692"},{"taxonomy":"product_tag","embeddable":true,"href":"https:\/\/www.bkrovinka.sk\/en\/wp-json\/wp\/v2\/product_tag?post=1692"}],"curies":[{"name":"wp","href":"https:\/\/api.w.org\/{rel}","templated":true}]}}