{"id":1639,"date":"2026-04-09T09:56:01","date_gmt":"2026-04-09T07:56:01","guid":{"rendered":"https:\/\/www.bkrovinka.sk\/?post_type=product&#038;p=1639"},"modified":"2026-04-23T15:54:05","modified_gmt":"2026-04-23T13:54:05","slug":"damske-tricko-verzia-1","status":"publish","type":"product","link":"https:\/\/www.bkrovinka.sk\/en\/product\/damske-tricko-verzia-1\/","title":{"rendered":"D\u00e1mske tri\u010dko &#8211; verzia 1"},"content":{"rendered":"<div class=\"product-specs\">\n<div class=\"product-specs\"><strong data-start=\"84\" data-end=\"97\">Materi\u00e1l:<\/strong> 180 g\/m\u00b2, 100 % \u010desan\u00e1 prstencov\u00e1 bavlna (single jersey)<br data-start=\"154\" data-end=\"157\" \/><strong data-start=\"157\" data-end=\"167\" data-is-only-node=\"\">Strih:<\/strong> mierne priliehav\u00fd<br data-start=\"185\" data-end=\"188\" \/><strong data-start=\"188\" data-end=\"200\">Detaily:<\/strong> spev\u0148uj\u00faca p\u00e1ska za krkom, lem s rebrovan\u00fdm \u00fapletom s elastanom, zosilnen\u00e9 ramenn\u00e9 \u0161vy<br data-start=\"287\" data-end=\"290\" \/><strong data-start=\"290\" data-end=\"301\">\u00dadr\u017eba:<\/strong> pranie na 60 \u00b0C, vhodn\u00e9 na su\u0161enie v su\u0161i\u010dke pri n\u00edzkej teplote<\/div>\n<\/div>","protected":false},"excerpt":{"rendered":"<p>Logo s n\u00e1zvom v strede na hrudi<\/p>","protected":false},"featured_media":2461,"comment_status":"open","ping_status":"closed","template":"","meta":[],"product_brand":[],"product_cat":[41,53],"product_tag":[68,43,86,50],"class_list":{"0":"post-1639","1":"product","2":"type-product","3":"status-publish","4":"has-post-thumbnail","6":"product_cat-tricka","7":"product_cat-zeny","8":"product_tag-dospeli","9":"product_tag-merch","10":"product_tag-verzia-1","11":"product_tag-zeny","13":"first","14":"instock","15":"taxable","16":"shipping-taxable","17":"purchasable","18":"product-type-variable","19":"has-default-attributes"},"_links":{"self":[{"href":"https:\/\/www.bkrovinka.sk\/en\/wp-json\/wp\/v2\/product\/1639","targetHints":{"allow":["GET"]}}],"collection":[{"href":"https:\/\/www.bkrovinka.sk\/en\/wp-json\/wp\/v2\/product"}],"about":[{"href":"https:\/\/www.bkrovinka.sk\/en\/wp-json\/wp\/v2\/types\/product"}],"replies":[{"embeddable":true,"href":"https:\/\/www.bkrovinka.sk\/en\/wp-json\/wp\/v2\/comments?post=1639"}],"wp:featuredmedia":[{"embeddable":true,"href":"https:\/\/www.bkrovinka.sk\/en\/wp-json\/wp\/v2\/media\/2461"}],"wp:attachment":[{"href":"https:\/\/www.bkrovinka.sk\/en\/wp-json\/wp\/v2\/media?parent=1639"}],"wp:term":[{"taxonomy":"product_brand","embeddable":true,"href":"https:\/\/www.bkrovinka.sk\/en\/wp-json\/wp\/v2\/product_brand?post=1639"},{"taxonomy":"product_cat","embeddable":true,"href":"https:\/\/www.bkrovinka.sk\/en\/wp-json\/wp\/v2\/product_cat?post=1639"},{"taxonomy":"product_tag","embeddable":true,"href":"https:\/\/www.bkrovinka.sk\/en\/wp-json\/wp\/v2\/product_tag?post=1639"}],"curies":[{"name":"wp","href":"https:\/\/api.w.org\/{rel}","templated":true}]}}