{"id":1389,"date":"2026-04-04T12:13:12","date_gmt":"2026-04-04T10:13:12","guid":{"rendered":"https:\/\/www.bkrovinka.sk\/?post_type=product&#038;p=1389"},"modified":"2026-04-23T15:53:45","modified_gmt":"2026-04-23T13:53:45","slug":"detske-tricko-verzia-1","status":"publish","type":"product","link":"https:\/\/www.bkrovinka.sk\/en\/product\/detske-tricko-verzia-1\/","title":{"rendered":"Detsk\u00e9 tri\u010dko &#8211; verzia 1"},"content":{"rendered":"<div class=\"product-specs\"><strong data-start=\"0\" data-end=\"13\" data-is-only-node=\"\">Materi\u00e1l:<\/strong> 180 g\/m\u00b2, 100 % \u010desan\u00e1 prstencov\u00e1 bavlna (single jersey), farba \u0161portov\u00e1 siv\u00e1: 85 % bavlna, 15 % visk\u00f3za<br data-start=\"118\" data-end=\"121\" \/><strong data-start=\"121\" data-end=\"133\">Detaily:<\/strong> spev\u0148uj\u00faca p\u00e1ska za krkom, lem s rebrovan\u00fdm \u00fapletom s elastanom<br data-start=\"197\" data-end=\"200\" \/><strong data-start=\"200\" data-end=\"211\">\u00dadr\u017eba:<\/strong> pranie na 60 \u00b0C, vhodn\u00e9 na su\u0161enie v su\u0161i\u010dke pri n\u00edzkej teplote<\/div>","protected":false},"excerpt":{"rendered":"<p>Logo s n\u00e1zvom v strede na hrudi<\/p>","protected":false},"featured_media":2457,"comment_status":"open","ping_status":"closed","template":"","meta":[],"product_brand":[],"product_cat":[41,54],"product_tag":[42,43,86],"class_list":{"0":"post-1389","1":"product","2":"type-product","3":"status-publish","4":"has-post-thumbnail","6":"product_cat-tricka","7":"product_cat-deti","8":"product_tag-deti","9":"product_tag-merch","10":"product_tag-verzia-1","12":"first","13":"instock","14":"taxable","15":"shipping-taxable","16":"purchasable","17":"product-type-variable","18":"has-default-attributes"},"_links":{"self":[{"href":"https:\/\/www.bkrovinka.sk\/en\/wp-json\/wp\/v2\/product\/1389","targetHints":{"allow":["GET"]}}],"collection":[{"href":"https:\/\/www.bkrovinka.sk\/en\/wp-json\/wp\/v2\/product"}],"about":[{"href":"https:\/\/www.bkrovinka.sk\/en\/wp-json\/wp\/v2\/types\/product"}],"replies":[{"embeddable":true,"href":"https:\/\/www.bkrovinka.sk\/en\/wp-json\/wp\/v2\/comments?post=1389"}],"wp:featuredmedia":[{"embeddable":true,"href":"https:\/\/www.bkrovinka.sk\/en\/wp-json\/wp\/v2\/media\/2457"}],"wp:attachment":[{"href":"https:\/\/www.bkrovinka.sk\/en\/wp-json\/wp\/v2\/media?parent=1389"}],"wp:term":[{"taxonomy":"product_brand","embeddable":true,"href":"https:\/\/www.bkrovinka.sk\/en\/wp-json\/wp\/v2\/product_brand?post=1389"},{"taxonomy":"product_cat","embeddable":true,"href":"https:\/\/www.bkrovinka.sk\/en\/wp-json\/wp\/v2\/product_cat?post=1389"},{"taxonomy":"product_tag","embeddable":true,"href":"https:\/\/www.bkrovinka.sk\/en\/wp-json\/wp\/v2\/product_tag?post=1389"}],"curies":[{"name":"wp","href":"https:\/\/api.w.org\/{rel}","templated":true}]}}