{"id":342,"date":"2024-03-13T11:24:34","date_gmt":"2024-03-13T10:24:34","guid":{"rendered":"https:\/\/www.bkrovinka.sk\/?page_id=342"},"modified":"2024-08-29T13:12:40","modified_gmt":"2024-08-29T11:12:40","slug":"o-klube","status":"publish","type":"page","link":"https:\/\/www.bkrovinka.sk\/en\/o-klube\/","title":{"rendered":"About the club"},"content":{"rendered":"<div data-elementor-type=\"wp-page\" data-elementor-id=\"342\" class=\"elementor elementor-342\" data-elementor-post-type=\"page\">\n\t\t\t\t<div class=\"elementor-element elementor-element-375996a e-flex e-con-boxed e-con e-parent\" data-id=\"375996a\" data-element_type=\"container\" data-e-type=\"container\">\n\t\t\t\t\t<div class=\"e-con-inner\">\n\t\t<div class=\"elementor-element elementor-element-8a8930a e-con-full e-flex e-con e-child\" data-id=\"8a8930a\" data-element_type=\"container\" data-e-type=\"container\">\n\t\t\t\t<div class=\"elementor-element elementor-element-571a29d elementor-widget__width-inherit elementor-widget elementor-widget-heading\" data-id=\"571a29d\" data-element_type=\"widget\" data-e-type=\"widget\" data-widget_type=\"heading.default\">\n\t\t\t\t<div class=\"elementor-widget-container\">\n\t\t\t\t\t<h2 class=\"elementor-heading-title elementor-size-default\">About us<\/h2>\t\t\t\t<\/div>\n\t\t\t\t<\/div>\n\t\t\t\t<div class=\"elementor-element elementor-element-f0df8a5 elementor-widget__width-inherit elementor-widget-divider--view-line elementor-widget elementor-widget-divider\" data-id=\"f0df8a5\" data-element_type=\"widget\" data-e-type=\"widget\" data-widget_type=\"divider.default\">\n\t\t\t\t<div class=\"elementor-widget-container\">\n\t\t\t\t\t\t\t<div class=\"elementor-divider\">\n\t\t\t<span class=\"elementor-divider-separator\">\n\t\t\t\t\t\t<\/span>\n\t\t<\/div>\n\t\t\t\t\t\t<\/div>\n\t\t\t\t<\/div>\n\t\t<div class=\"elementor-element elementor-element-6407798 e-con-full e-flex e-con e-child\" data-id=\"6407798\" data-element_type=\"container\" data-e-type=\"container\">\n\t\t<div class=\"elementor-element elementor-element-d983d25 e-flex e-con-boxed e-con e-child\" data-id=\"d983d25\" data-element_type=\"container\" data-e-type=\"container\">\n\t\t\t\t\t<div class=\"e-con-inner\">\n\t\t\t\t<div class=\"elementor-element elementor-element-e43f3d4 elementor-widget elementor-widget-text-editor\" data-id=\"e43f3d4\" data-element_type=\"widget\" data-e-type=\"widget\" data-widget_type=\"text-editor.default\">\n\t\t\t\t<div class=\"elementor-widget-container\">\n\t\t\t\t\t\t\t\t\t<p>At our basketball club in Rovinka, we decided to create a safe and supportive environment where children and youth can discover their potential in this exciting sport. The idea of \u200b\u200bcreating a club arose with the intention of providing another opportunity for sports enjoyment in our community. Since our establishment in September 2023, we have undergone great development and growth. Although we are a relatively new addition to the local sports scene, our club is full of energy and enthusiasm.<\/p>\n<p>The current player roster consists of 60 children between the ages of 6 and 15. Children develop their athletic skills but also learn important life lessons such as teamwork, discipline and perseverance.<\/p>\n<p>Our coaching team is as young (at least in spirit \ud83d\ude42 ) and full of enthusiasm as our players. We are united by one common belief - a passion for this sport and a desire to help our players reach their full potential. We are here not only to teach them basketball skills, but also to help them grow as personalities. With our approach, we try to contribute to the formation of young people and help them become better players and better people.<\/p>\t\t\t\t\t\t\t\t<\/div>\n\t\t\t\t<\/div>\n\t\t\t\t\t<\/div>\n\t\t\t\t<\/div>\n\t\t<div class=\"elementor-element elementor-element-eea7d9e e-flex e-con-boxed e-con e-child\" data-id=\"eea7d9e\" data-element_type=\"container\" data-e-type=\"container\">\n\t\t\t\t\t<div class=\"e-con-inner\">\n\t\t\t\t<div class=\"elementor-element elementor-element-18131c2 elementor-hidden-desktop elementor-hidden-tablet elementor-hidden-mobile elementor-widget elementor-widget-button\" data-id=\"18131c2\" data-element_type=\"widget\" data-e-type=\"widget\" data-widget_type=\"button.default\">\n\t\t\t\t<div class=\"elementor-widget-container\">\n\t\t\t\t\t\t\t\t\t<div class=\"elementor-button-wrapper\">\n\t\t\t\t\t<a class=\"elementor-button elementor-button-link elementor-size-sm\" href=\"#\">\n\t\t\t\t\t\t<span class=\"elementor-button-content-wrapper\">\n\t\t\t\t\t\t\t\t\t<span class=\"elementor-button-text\">More info<\/span>\n\t\t\t\t\t<\/span>\n\t\t\t\t\t<\/a>\n\t\t\t\t<\/div>\n\t\t\t\t\t\t\t\t<\/div>\n\t\t\t\t<\/div>\n\t\t\t\t\t<\/div>\n\t\t\t\t<\/div>\n\t\t\t\t<\/div>\n\t\t\t\t<\/div>\n\t\t<div class=\"elementor-element elementor-element-9c67896 e-flex e-con-boxed e-con e-child\" data-id=\"9c67896\" data-element_type=\"container\" data-e-type=\"container\">\n\t\t\t\t\t<div class=\"e-con-inner\">\n\t\t\t\t<div class=\"elementor-element elementor-element-3dadc6c elementor-widget elementor-widget-image\" data-id=\"3dadc6c\" data-element_type=\"widget\" data-e-type=\"widget\" data-widget_type=\"image.default\">\n\t\t\t\t<div class=\"elementor-widget-container\">\n\t\t\t\t\t\t\t\t\t\t\t\t\t\t\t<img fetchpriority=\"high\" decoding=\"async\" width=\"683\" height=\"448\" src=\"https:\/\/www.bkrovinka.sk\/wp-content\/uploads\/2024\/03\/medium-shot-women-playing-basketball.png\" class=\"attachment-large size-large wp-image-267\" alt=\"\" srcset=\"https:\/\/www.bkrovinka.sk\/wp-content\/uploads\/2024\/03\/medium-shot-women-playing-basketball.png 683w, https:\/\/www.bkrovinka.sk\/wp-content\/uploads\/2024\/03\/medium-shot-women-playing-basketball-600x394.png 600w, https:\/\/www.bkrovinka.sk\/wp-content\/uploads\/2024\/03\/medium-shot-women-playing-basketball-300x197.png 300w\" sizes=\"(max-width: 683px) 100vw, 683px\" \/>\t\t\t\t\t\t\t\t\t\t\t\t\t\t\t<\/div>\n\t\t\t\t<\/div>\n\t\t\t\t\t<\/div>\n\t\t\t\t<\/div>\n\t\t\t\t\t<\/div>\n\t\t\t\t<\/div>\n\t\t<div class=\"elementor-element elementor-element-004385d e-flex e-con-boxed e-con e-parent\" data-id=\"004385d\" data-element_type=\"container\" data-e-type=\"container\">\n\t\t\t\t\t<div class=\"e-con-inner\">\n\t\t<div class=\"elementor-element elementor-element-3ee4ddd e-con-full e-flex e-con e-child\" data-id=\"3ee4ddd\" data-element_type=\"container\" data-e-type=\"container\">\n\t\t\t\t<div class=\"elementor-element elementor-element-f409cf9 elementor-widget__width-inherit elementor-widget elementor-widget-heading\" data-id=\"f409cf9\" data-element_type=\"widget\" data-e-type=\"widget\" data-widget_type=\"heading.default\">\n\t\t\t\t<div class=\"elementor-widget-container\">\n\t\t\t\t\t<h2 class=\"elementor-heading-title elementor-size-default\">Why do we do it<\/h2>\t\t\t\t<\/div>\n\t\t\t\t<\/div>\n\t\t\t\t<div class=\"elementor-element elementor-element-c2a7d01 elementor-widget__width-inherit elementor-widget-divider--view-line elementor-widget elementor-widget-divider\" data-id=\"c2a7d01\" data-element_type=\"widget\" data-e-type=\"widget\" data-widget_type=\"divider.default\">\n\t\t\t\t<div class=\"elementor-widget-container\">\n\t\t\t\t\t\t\t<div class=\"elementor-divider\">\n\t\t\t<span class=\"elementor-divider-separator\">\n\t\t\t\t\t\t<\/span>\n\t\t<\/div>\n\t\t\t\t\t\t<\/div>\n\t\t\t\t<\/div>\n\t\t<div class=\"elementor-element elementor-element-e0cda9a e-con-full e-flex e-con e-child\" data-id=\"e0cda9a\" data-element_type=\"container\" data-e-type=\"container\">\n\t\t<div class=\"elementor-element elementor-element-e030bb8 e-flex e-con-boxed e-con e-child\" data-id=\"e030bb8\" data-element_type=\"container\" data-e-type=\"container\">\n\t\t\t\t\t<div class=\"e-con-inner\">\n\t\t\t\t<div class=\"elementor-element elementor-element-6c9320d elementor-widget elementor-widget-text-editor\" data-id=\"6c9320d\" data-element_type=\"widget\" data-e-type=\"widget\" data-widget_type=\"text-editor.default\">\n\t\t\t\t<div class=\"elementor-widget-container\">\n\t\t\t\t\t\t\t\t\t<p>The main motive of our coaching team is to positively influence the lives of our players. We are convinced that through sports we can teach children important life values \u200b\u200bsuch as teamwork, discipline, mutual respect and cooperation. Every training session is an opportunity to support not only their sports skills, but also their personal growth.<\/p>\n<p>In today's world, where a sedentary lifestyle prevails, it is important to encourage active movement among young people. Our trainings not only provide physical activity, but also emotional and social support. We create an environment where our players can feel safe, motivated and supported in their efforts to achieve their goals.<\/p>\t\t\t\t\t\t\t\t<\/div>\n\t\t\t\t<\/div>\n\t\t\t\t\t<\/div>\n\t\t\t\t<\/div>\n\t\t<div class=\"elementor-element elementor-element-1fea5d2 e-flex e-con-boxed e-con e-child\" data-id=\"1fea5d2\" data-element_type=\"container\" data-e-type=\"container\">\n\t\t\t\t\t<div class=\"e-con-inner\">\n\t\t\t\t<div class=\"elementor-element elementor-element-626c2c2 elementor-hidden-desktop elementor-hidden-tablet elementor-hidden-mobile elementor-widget elementor-widget-button\" data-id=\"626c2c2\" data-element_type=\"widget\" data-e-type=\"widget\" data-widget_type=\"button.default\">\n\t\t\t\t<div class=\"elementor-widget-container\">\n\t\t\t\t\t\t\t\t\t<div class=\"elementor-button-wrapper\">\n\t\t\t\t\t<a class=\"elementor-button elementor-button-link elementor-size-sm\" href=\"#\">\n\t\t\t\t\t\t<span class=\"elementor-button-content-wrapper\">\n\t\t\t\t\t\t\t\t\t<span class=\"elementor-button-text\">More info<\/span>\n\t\t\t\t\t<\/span>\n\t\t\t\t\t<\/a>\n\t\t\t\t<\/div>\n\t\t\t\t\t\t\t\t<\/div>\n\t\t\t\t<\/div>\n\t\t\t\t\t<\/div>\n\t\t\t\t<\/div>\n\t\t\t\t<\/div>\n\t\t\t\t<\/div>\n\t\t<div class=\"elementor-element elementor-element-9b0615c e-flex e-con-boxed e-con e-child\" data-id=\"9b0615c\" data-element_type=\"container\" data-e-type=\"container\">\n\t\t\t\t\t<div class=\"e-con-inner\">\n\t\t\t\t<div class=\"elementor-element elementor-element-9583986 elementor-widget elementor-widget-image\" data-id=\"9583986\" data-element_type=\"widget\" data-e-type=\"widget\" data-widget_type=\"image.default\">\n\t\t\t\t<div class=\"elementor-widget-container\">\n\t\t\t\t\t\t\t\t\t\t\t\t\t\t\t<img decoding=\"async\" width=\"800\" height=\"534\" src=\"https:\/\/www.bkrovinka.sk\/wp-content\/uploads\/2024\/03\/father-son-relaxing-basketball-field-1024x683.jpg\" class=\"attachment-large size-large wp-image-361\" alt=\"\" srcset=\"https:\/\/www.bkrovinka.sk\/wp-content\/uploads\/2024\/03\/father-son-relaxing-basketball-field-1024x683.jpg 1024w, https:\/\/www.bkrovinka.sk\/wp-content\/uploads\/2024\/03\/father-son-relaxing-basketball-field-scaled-600x400.jpg 600w, https:\/\/www.bkrovinka.sk\/wp-content\/uploads\/2024\/03\/father-son-relaxing-basketball-field-300x200.jpg 300w, https:\/\/www.bkrovinka.sk\/wp-content\/uploads\/2024\/03\/father-son-relaxing-basketball-field-768x512.jpg 768w, https:\/\/www.bkrovinka.sk\/wp-content\/uploads\/2024\/03\/father-son-relaxing-basketball-field-1536x1024.jpg 1536w, https:\/\/www.bkrovinka.sk\/wp-content\/uploads\/2024\/03\/father-son-relaxing-basketball-field-2048x1365.jpg 2048w\" sizes=\"(max-width: 800px) 100vw, 800px\" \/>\t\t\t\t\t\t\t\t\t\t\t\t\t\t\t<\/div>\n\t\t\t\t<\/div>\n\t\t\t\t\t<\/div>\n\t\t\t\t<\/div>\n\t\t\t\t\t<\/div>\n\t\t\t\t<\/div>\n\t\t<div class=\"elementor-element elementor-element-1c86e62 e-flex e-con-boxed e-con e-parent\" data-id=\"1c86e62\" data-element_type=\"container\" data-e-type=\"container\">\n\t\t\t\t\t<div class=\"e-con-inner\">\n\t\t<div class=\"elementor-element elementor-element-25e5dbe e-con-full e-flex e-con e-child\" data-id=\"25e5dbe\" data-element_type=\"container\" data-e-type=\"container\">\n\t\t\t\t<div class=\"elementor-element elementor-element-71aaf09 elementor-widget__width-inherit elementor-widget elementor-widget-heading\" data-id=\"71aaf09\" data-element_type=\"widget\" data-e-type=\"widget\" data-widget_type=\"heading.default\">\n\t\t\t\t<div class=\"elementor-widget-container\">\n\t\t\t\t\t<h2 class=\"elementor-heading-title elementor-size-default\">Trainings<\/h2>\t\t\t\t<\/div>\n\t\t\t\t<\/div>\n\t\t\t\t<div class=\"elementor-element elementor-element-6b08347 elementor-widget__width-inherit elementor-widget-divider--view-line elementor-widget elementor-widget-divider\" data-id=\"6b08347\" data-element_type=\"widget\" data-e-type=\"widget\" data-widget_type=\"divider.default\">\n\t\t\t\t<div class=\"elementor-widget-container\">\n\t\t\t\t\t\t\t<div class=\"elementor-divider\">\n\t\t\t<span class=\"elementor-divider-separator\">\n\t\t\t\t\t\t<\/span>\n\t\t<\/div>\n\t\t\t\t\t\t<\/div>\n\t\t\t\t<\/div>\n\t\t<div class=\"elementor-element elementor-element-732f42d e-con-full e-flex e-con e-child\" data-id=\"732f42d\" data-element_type=\"container\" data-e-type=\"container\">\n\t\t<div class=\"elementor-element elementor-element-1acec40 e-flex e-con-boxed e-con e-child\" data-id=\"1acec40\" data-element_type=\"container\" data-e-type=\"container\">\n\t\t\t\t\t<div class=\"e-con-inner\">\n\t\t\t\t<div class=\"elementor-element elementor-element-c5fcd75 elementor-widget elementor-widget-text-editor\" data-id=\"c5fcd75\" data-element_type=\"widget\" data-e-type=\"widget\" data-widget_type=\"text-editor.default\">\n\t\t\t\t<div class=\"elementor-widget-container\">\n\t\t\t\t\t\t\t\t\t<p><\/p>\n<p>We prepare our training sessions taking into account the individual needs and age categories of our players. For the youngest (6-8 years), the goal is to create a fun and stimulating environment where they can learn basic basketball skills and improve their coordination and physical condition. We mainly try to keep their attention and interest in the game.<\/p>\n<p><\/p>\n<p><\/p>\n<p>During training sessions for older children (9-11 years old), we focus on improving technique and tactics. We focus on developing their dribbling, shooting and decision-making skills. We want them to learn to communicate effectively with the team and work together to achieve common goals.<\/p>\n<p><\/p>\n<p><\/p>\n<p>For the oldest players (12+), training will focus on more advanced basketball skills and tactics. We try to strengthen their gaming skills. We also emphasize ethics and fair play on the field.<\/p>\n<p><\/p>\n<p><\/p>\n<p>Every practice is an opportunity for us to provide our players with the best possible environment to grow and develop not only as players, but also as people. We are proud to be a part of their basketball journey and look forward to what the future holds.<\/p>\n<p><\/p>\t\t\t\t\t\t\t\t<\/div>\n\t\t\t\t<\/div>\n\t\t\t\t\t<\/div>\n\t\t\t\t<\/div>\n\t\t<div class=\"elementor-element elementor-element-8aaec0a e-flex e-con-boxed e-con e-child\" data-id=\"8aaec0a\" data-element_type=\"container\" data-e-type=\"container\">\n\t\t\t\t\t<div class=\"e-con-inner\">\n\t\t\t\t<div class=\"elementor-element elementor-element-fcbaaf6 elementor-widget elementor-widget-button\" data-id=\"fcbaaf6\" data-element_type=\"widget\" data-e-type=\"widget\" data-widget_type=\"button.default\">\n\t\t\t\t<div class=\"elementor-widget-container\">\n\t\t\t\t\t\t\t\t\t<div class=\"elementor-button-wrapper\">\n\t\t\t\t\t<a class=\"elementor-button elementor-button-link elementor-size-sm\" href=\"#elementor-action%3Aaction%3Dpopup%3Aopen%26settings%3DeyJpZCI6Ijc1MCIsInRvZ2dsZSI6ZmFsc2V9\">\n\t\t\t\t\t\t<span class=\"elementor-button-content-wrapper\">\n\t\t\t\t\t\t\t\t\t<span class=\"elementor-button-text\">Sign up<\/span>\n\t\t\t\t\t<\/span>\n\t\t\t\t\t<\/a>\n\t\t\t\t<\/div>\n\t\t\t\t\t\t\t\t<\/div>\n\t\t\t\t<\/div>\n\t\t\t\t\t<\/div>\n\t\t\t\t<\/div>\n\t\t\t\t<\/div>\n\t\t\t\t<\/div>\n\t\t<div class=\"elementor-element elementor-element-61f55c2 e-flex e-con-boxed e-con e-child\" data-id=\"61f55c2\" data-element_type=\"container\" data-e-type=\"container\">\n\t\t\t\t\t<div class=\"e-con-inner\">\n\t\t\t\t<div class=\"elementor-element elementor-element-c0840b6 elementor-widget elementor-widget-image\" data-id=\"c0840b6\" data-element_type=\"widget\" data-e-type=\"widget\" data-widget_type=\"image.default\">\n\t\t\t\t<div class=\"elementor-widget-container\">\n\t\t\t\t\t\t\t\t\t\t\t\t\t\t\t<img decoding=\"async\" width=\"800\" height=\"534\" src=\"https:\/\/www.bkrovinka.sk\/wp-content\/uploads\/2024\/03\/close-up-kids-school-gym-1024x683.jpg\" class=\"attachment-large size-large wp-image-360\" alt=\"\" srcset=\"https:\/\/www.bkrovinka.sk\/wp-content\/uploads\/2024\/03\/close-up-kids-school-gym-1024x683.jpg 1024w, https:\/\/www.bkrovinka.sk\/wp-content\/uploads\/2024\/03\/close-up-kids-school-gym-scaled-600x400.jpg 600w, https:\/\/www.bkrovinka.sk\/wp-content\/uploads\/2024\/03\/close-up-kids-school-gym-300x200.jpg 300w, https:\/\/www.bkrovinka.sk\/wp-content\/uploads\/2024\/03\/close-up-kids-school-gym-768x512.jpg 768w, https:\/\/www.bkrovinka.sk\/wp-content\/uploads\/2024\/03\/close-up-kids-school-gym-1536x1024.jpg 1536w, https:\/\/www.bkrovinka.sk\/wp-content\/uploads\/2024\/03\/close-up-kids-school-gym-2048x1365.jpg 2048w\" sizes=\"(max-width: 800px) 100vw, 800px\" \/>\t\t\t\t\t\t\t\t\t\t\t\t\t\t\t<\/div>\n\t\t\t\t<\/div>\n\t\t\t\t\t<\/div>\n\t\t\t\t<\/div>\n\t\t\t\t\t<\/div>\n\t\t\t\t<\/div>\n\t\t\t\t<\/div>","protected":false},"excerpt":{"rendered":"<p>Zistite viac o klube BK Rovinka, hist\u00f3rii, cie\u013eoch a tr\u00e9ningoch pre deti a ml\u00e1de\u017e.<\/p>","protected":false},"author":1,"featured_media":21,"parent":0,"menu_order":0,"comment_status":"closed","ping_status":"closed","template":"","meta":{"footnotes":""},"class_list":["post-342","page","type-page","status-publish","has-post-thumbnail","hentry"],"_links":{"self":[{"href":"https:\/\/www.bkrovinka.sk\/en\/wp-json\/wp\/v2\/pages\/342","targetHints":{"allow":["GET"]}}],"collection":[{"href":"https:\/\/www.bkrovinka.sk\/en\/wp-json\/wp\/v2\/pages"}],"about":[{"href":"https:\/\/www.bkrovinka.sk\/en\/wp-json\/wp\/v2\/types\/page"}],"author":[{"embeddable":true,"href":"https:\/\/www.bkrovinka.sk\/en\/wp-json\/wp\/v2\/users\/1"}],"replies":[{"embeddable":true,"href":"https:\/\/www.bkrovinka.sk\/en\/wp-json\/wp\/v2\/comments?post=342"}],"version-history":[{"count":5,"href":"https:\/\/www.bkrovinka.sk\/en\/wp-json\/wp\/v2\/pages\/342\/revisions"}],"predecessor-version":[{"id":841,"href":"https:\/\/www.bkrovinka.sk\/en\/wp-json\/wp\/v2\/pages\/342\/revisions\/841"}],"wp:featuredmedia":[{"embeddable":true,"href":"https:\/\/www.bkrovinka.sk\/en\/wp-json\/wp\/v2\/media\/21"}],"wp:attachment":[{"href":"https:\/\/www.bkrovinka.sk\/en\/wp-json\/wp\/v2\/media?parent=342"}],"curies":[{"name":"wp","href":"https:\/\/api.w.org\/{rel}","templated":true}]}}